{"id":50,"date":"2020-10-04T22:47:21","date_gmt":"2020-10-04T22:47:21","guid":{"rendered":"http:\/\/luxusnistolyzmasivu.cz\/?page_id=50"},"modified":"2020-10-04T22:47:21","modified_gmt":"2020-10-04T22:47:21","slug":"ostatni-projekty","status":"publish","type":"page","link":"https:\/\/luxusnistolyzmasivu.cz\/cz\/ostatni-projekty\/","title":{"rendered":"Ostatn\u00ed projekty"},"content":{"rendered":"\t\t\t\t<div\n\t\t\tclass=\"wp-block-newspack-blocks-homepage-articles is-style-borders wpnbha is-grid columns-2 show-image image-aligntop ts-4 is-3 is-landscape show-caption is-style-borders\" \n\t\t\tstyle=\"\"\n\t\t\t>\n\t\t\t<div data-posts>\n\t\t\t\t\t\t\t\t\n\t<article data-post-id=\"35\" \n\t\tclass=\"category-other-projects post-has-image\"\n\t\t\t\t>\n\t\t\t\t\t<figure class=\"post-thumbnail\">\n\t\t\t\t<a href=\"https:\/\/luxusnistolyzmasivu.cz\/cz\/other-projects\/vytvrzovaci-komora-curing-chamber\/\" rel=\"bookmark\">\n\t\t\t\t\t<img width=\"1200\"  height=\"900\"  src=\"https:\/\/luxusnistolyzmasivu.cz\/wp-content\/uploads\/2020\/10\/IMG_20190822_212732-1200x900.jpg\"  class=\"attachment-newspack-article-block-landscape-large size-newspack-article-block-landscape-large wp-post-image\"  alt=\"\"  loading=\"lazy\"  srcset=\"https:\/\/luxusnistolyzmasivu.cz\/wp-content\/uploads\/2020\/10\/IMG_20190822_212732-1200x900.jpg 1200w, https:\/\/luxusnistolyzmasivu.cz\/wp-content\/uploads\/2020\/10\/IMG_20190822_212732-300x225.jpg 300w, https:\/\/luxusnistolyzmasivu.cz\/wp-content\/uploads\/2020\/10\/IMG_20190822_212732-1024x768.jpg 1024w, https:\/\/luxusnistolyzmasivu.cz\/wp-content\/uploads\/2020\/10\/IMG_20190822_212732-768x576.jpg 768w, https:\/\/luxusnistolyzmasivu.cz\/wp-content\/uploads\/2020\/10\/IMG_20190822_212732-1536x1152.jpg 1536w, https:\/\/luxusnistolyzmasivu.cz\/wp-content\/uploads\/2020\/10\/IMG_20190822_212732-2048x1536.jpg 2048w, https:\/\/luxusnistolyzmasivu.cz\/wp-content\/uploads\/2020\/10\/IMG_20190822_212732-800x600.jpg 800w, https:\/\/luxusnistolyzmasivu.cz\/wp-content\/uploads\/2020\/10\/IMG_20190822_212732-400x300.jpg 400w, https:\/\/luxusnistolyzmasivu.cz\/wp-content\/uploads\/2020\/10\/IMG_20190822_212732-200x150.jpg 200w\"  sizes=\"(max-width: 1200px) 100vw, 1200px\"  data-attachment-id=\"47\"  data-permalink=\"https:\/\/luxusnistolyzmasivu.cz\/cz\/other-projects\/vytvrzovaci-komora-curing-chamber\/attachment\/img_20190822_212732\/\"  data-orig-file=\"https:\/\/luxusnistolyzmasivu.cz\/wp-content\/uploads\/2020\/10\/IMG_20190822_212732-scaled.jpg\"  data-orig-size=\"2560,1920\"  data-comments-opened=\"1\"  data-image-meta=\"{&quot;aperture&quot;:&quot;2.2&quot;,&quot;credit&quot;:&quot;&quot;,&quot;camera&quot;:&quot;STF-L09&quot;,&quot;caption&quot;:&quot;&quot;,&quot;created_timestamp&quot;:&quot;1566509253&quot;,&quot;copyright&quot;:&quot;&quot;,&quot;focal_length&quot;:&quot;3.95&quot;,&quot;iso&quot;:&quot;400&quot;,&quot;shutter_speed&quot;:&quot;0.04&quot;,&quot;title&quot;:&quot;&quot;,&quot;orientation&quot;:&quot;0&quot;}\"  data-image-title=\"IMG_20190822_212732\"  data-image-description=\"\"  data-medium-file=\"https:\/\/luxusnistolyzmasivu.cz\/wp-content\/uploads\/2020\/10\/IMG_20190822_212732-300x225.jpg\"  data-large-file=\"https:\/\/luxusnistolyzmasivu.cz\/wp-content\/uploads\/2020\/10\/IMG_20190822_212732-1024x768.jpg\" \/>\t\t\t\t<\/a>\n\n\t\t\t\t\t\t\t<\/figure><!-- .featured-image -->\n\t\t\n\t\t<div class=\"entry-wrapper\">\n\t\t\t<h2 class=\"entry-title\"><a href=\"https:\/\/luxusnistolyzmasivu.cz\/cz\/other-projects\/vytvrzovaci-komora-curing-chamber\/\"  rel=\"bookmark\">Vytvrzovac\u00ed komora<\/a><\/h2>\t\t\t\t\t\t<p>Vet\u0161inu v\u00fdrobk\u016f z prysky\u0159ice je nutno pro spr\u00e1vn\u00e9 vytvrzen\u00ed temperovat p\u0159i vy\u0161\u0161\u00ed teplot\u011b. \u010c\u00edm vy\u0161\u0161\u00ed teplota temperov\u00e1n\u00ed, t\u00edm vy\u0161\u0161\u00ed teplotu ve v\u00fdsledku prysky\u0159ice vydr\u017e\u00ed ani\u017e by p\u0159i op\u011btovn\u00e9m zah\u0159\u00e1t\u00ed zm\u011bkla. Nap\u0159\u00edklad prysky\u0159ice temperovan\u00e1 na 80\u00b0C by m\u011bla vydr\u017eet hork\u00fd tal\u00ed\u0159 s j\u00eddlem bez po\u0161kozen\u00ed stolov\u00e9 desky. Abych dos\u00e1hl takov\u00e9 odolnosti m\u00fdch v\u00fdrobk\u016f, postavil jsem si&#8230; <\/p>\n<div class=\"link-more\"><a href=\"https:\/\/luxusnistolyzmasivu.cz\/cz\/other-projects\/vytvrzovaci-komora-curing-chamber\/\">\u010c\u00edst cel\u00e9<\/a><\/div>\n\t\t<\/div><!-- .entry-wrapper -->\n\t<\/article>\n\n\t\t\n\t<article data-post-id=\"13\" \n\t\tclass=\"category-other-projects post-has-image\"\n\t\t\t\t>\n\t\t\t\t\t<figure class=\"post-thumbnail\">\n\t\t\t\t<a href=\"https:\/\/luxusnistolyzmasivu.cz\/cz\/other-projects\/prodejni-pult-s-led-osvetlenim-kiosk-table-with-led-lights\/\" rel=\"bookmark\">\n\t\t\t\t\t<img width=\"400\"  height=\"300\"  src=\"https:\/\/luxusnistolyzmasivu.cz\/wp-content\/uploads\/2020\/10\/Pult_LQ_auto_x1_v2-400x300.jpg\"  class=\"attachment-newspack-article-block-landscape-small size-newspack-article-block-landscape-small wp-post-image\"  alt=\"\"  loading=\"lazy\"  srcset=\"https:\/\/luxusnistolyzmasivu.cz\/wp-content\/uploads\/2020\/10\/Pult_LQ_auto_x1_v2-400x300.jpg 400w, https:\/\/luxusnistolyzmasivu.cz\/wp-content\/uploads\/2020\/10\/Pult_LQ_auto_x1_v2-16x12.jpg 16w, https:\/\/luxusnistolyzmasivu.cz\/wp-content\/uploads\/2020\/10\/Pult_LQ_auto_x1_v2-200x150.jpg 200w\"  sizes=\"(max-width: 400px) 100vw, 400px\"  data-attachment-id=\"229\"  data-permalink=\"https:\/\/luxusnistolyzmasivu.cz\/cz\/pult_lq_auto_x1_v2\/\"  data-orig-file=\"https:\/\/luxusnistolyzmasivu.cz\/wp-content\/uploads\/2020\/10\/Pult_LQ_auto_x1_v2.jpg\"  data-orig-size=\"590,428\"  data-comments-opened=\"0\"  data-image-meta=\"{&quot;aperture&quot;:&quot;0&quot;,&quot;credit&quot;:&quot;&quot;,&quot;camera&quot;:&quot;&quot;,&quot;caption&quot;:&quot;&quot;,&quot;created_timestamp&quot;:&quot;0&quot;,&quot;copyright&quot;:&quot;&quot;,&quot;focal_length&quot;:&quot;0&quot;,&quot;iso&quot;:&quot;0&quot;,&quot;shutter_speed&quot;:&quot;0&quot;,&quot;title&quot;:&quot;&quot;,&quot;orientation&quot;:&quot;1&quot;}\"  data-image-title=\"Pult_LQ_auto_x1_v2\"  data-image-description=\"\"  data-medium-file=\"https:\/\/luxusnistolyzmasivu.cz\/wp-content\/uploads\/2020\/10\/Pult_LQ_auto_x1_v2-300x218.jpg\"  data-large-file=\"https:\/\/luxusnistolyzmasivu.cz\/wp-content\/uploads\/2020\/10\/Pult_LQ_auto_x1_v2.jpg\" \/>\t\t\t\t<\/a>\n\n\t\t\t\t\t\t\t<\/figure><!-- .featured-image -->\n\t\t\n\t\t<div class=\"entry-wrapper\">\n\t\t\t<h2 class=\"entry-title\"><a href=\"https:\/\/luxusnistolyzmasivu.cz\/cz\/other-projects\/prodejni-pult-s-led-osvetlenim-kiosk-table-with-led-lights\/\"  rel=\"bookmark\">Prodejn\u00ed pult s LED osv\u011btlen\u00edm<\/a><\/h2>\t\t\t\t\t\t<p>Ve spolupr\u00e1ci s design\u00e9rkou jsem postavil tento pult\u00edk, k pou\u017eit\u00ed na jej\u00edm st\u00e1nku na veletrz\u00edch a n\u00e1sledn\u011b v ateli\u00e9ru. Stolek je sestaven z 5 panel\u016f v r\u016fzn\u00fdch stylech. Jednotliv\u00e9 panely jsou p\u0159ipevn\u011bny k hlin\u00edkov\u00e9mu r\u00e1mu se zabudovan\u00fdm LED osv\u011btlen\u00edm. Svrchn\u00ed deska je vyle\u0161t\u011bna do vysok\u00e9ho lesku. Rozm\u011br vrchn\u00ed desky: 120x60cm<\/p>\n\t\t<\/div><!-- .entry-wrapper -->\n\t<\/article>\n\n\t\t\t\t\t<\/div>\n\t\t\t\n\t\t<\/div>\n\t\t\t\t","protected":false},"excerpt":{"rendered":"","protected":false},"author":1,"featured_media":0,"parent":0,"menu_order":0,"comment_status":"closed","ping_status":"closed","template":"","meta":{"spay_email":"","_starter_page_template":"blank"},"_links":{"self":[{"href":"https:\/\/luxusnistolyzmasivu.cz\/cz\/wp-json\/wp\/v2\/pages\/50"}],"collection":[{"href":"https:\/\/luxusnistolyzmasivu.cz\/cz\/wp-json\/wp\/v2\/pages"}],"about":[{"href":"https:\/\/luxusnistolyzmasivu.cz\/cz\/wp-json\/wp\/v2\/types\/page"}],"author":[{"embeddable":true,"href":"https:\/\/luxusnistolyzmasivu.cz\/cz\/wp-json\/wp\/v2\/users\/1"}],"replies":[{"embeddable":true,"href":"https:\/\/luxusnistolyzmasivu.cz\/cz\/wp-json\/wp\/v2\/comments?post=50"}],"version-history":[{"count":1,"href":"https:\/\/luxusnistolyzmasivu.cz\/cz\/wp-json\/wp\/v2\/pages\/50\/revisions"}],"predecessor-version":[{"id":51,"href":"https:\/\/luxusnistolyzmasivu.cz\/cz\/wp-json\/wp\/v2\/pages\/50\/revisions\/51"}],"wp:attachment":[{"href":"https:\/\/luxusnistolyzmasivu.cz\/cz\/wp-json\/wp\/v2\/media?parent=50"}],"curies":[{"name":"wp","href":"https:\/\/api.w.org\/{rel}","templated":true}]}}