{"id":198,"date":"2020-10-05T20:48:06","date_gmt":"2020-10-05T20:48:06","guid":{"rendered":"http:\/\/luxusnistolyzmasivu.cz\/?page_id=198"},"modified":"2020-10-05T21:00:55","modified_gmt":"2020-10-05T21:00:55","slug":"kontakt","status":"publish","type":"page","link":"https:\/\/luxusnistolyzmasivu.cz\/cz\/kontakt\/","title":{"rendered":"Kontakt"},"content":{"rendered":"\n<div class=\"wp-block-cover alignfull has-foreground-dark-background-color has-background-dim\"  style=\"background-image:url(http:\/\/luxusnistolyzmasivu.cz\/wp-content\/uploads\/2020\/10\/DSC_6493-scaled.jpg);background-position:50% 8%;min-height:646px\"><div class=\"wp-block-cover__inner-container\">\n<div class=\"wp-block-columns\">\n<div class=\"wp-block-column\"  style=\"flex-basis:25%\"><\/div>\n\n\n\n<div class=\"wp-block-column\"  style=\"flex-basis:50%\">\n<div class=\"wp-block-columns\">\n<div class=\"wp-block-column\"  style=\"flex-basis:30.8%\">\n<h2>Sledujte n\u00e1s<\/h2>\n\n\n\n<ul class=\"wp-block-social-links\">\n\n<li class=\"wp-social-link wp-social-link-facebook\"><a href=\"https:\/\/www.facebook.com\/All-Wood-Epoxy-105717637950531\"  aria-label=\"Facebook\"> <svg width=\"24\"  height=\"24\"  viewBox=\"0 0 24 24\"  version=\"1.1\"  xmlns=\"http:\/\/www.w3.org\/2000\/svg\"  role=\"img\"  aria-hidden=\"true\"  focusable=\"false\"><path d=\"M12 2C6.5 2 2 6.5 2 12c0 5 3.7 9.1 8.4 9.9v-7H7.9V12h2.5V9.8c0-2.5 1.5-3.9 3.8-3.9 1.1 0 2.2.2 2.2.2v2.5h-1.3c-1.2 0-1.6.8-1.6 1.6V12h2.8l-.4 2.9h-2.3v7C18.3 21.1 22 17 22 12c0-5.5-4.5-10-10-10z\"><\/path><\/svg><\/a><\/li>\n\n\n\n<li class=\"wp-social-link wp-social-link-instagram\"><a href=\"https:\/\/www.instagram.com\/allwoodandresin\/\"  aria-label=\"Instagram\"> <svg width=\"24\"  height=\"24\"  viewBox=\"0 0 24 24\"  version=\"1.1\"  xmlns=\"http:\/\/www.w3.org\/2000\/svg\"  role=\"img\"  aria-hidden=\"true\"  focusable=\"false\"><path d=\"M12,4.622c2.403,0,2.688,0.009,3.637,0.052c0.877,0.04,1.354,0.187,1.671,0.31c0.42,0.163,0.72,0.358,1.035,0.673 c0.315,0.315,0.51,0.615,0.673,1.035c0.123,0.317,0.27,0.794,0.31,1.671c0.043,0.949,0.052,1.234,0.052,3.637 s-0.009,2.688-0.052,3.637c-0.04,0.877-0.187,1.354-0.31,1.671c-0.163,0.42-0.358,0.72-0.673,1.035 c-0.315,0.315-0.615,0.51-1.035,0.673c-0.317,0.123-0.794,0.27-1.671,0.31c-0.949,0.043-1.233,0.052-3.637,0.052 s-2.688-0.009-3.637-0.052c-0.877-0.04-1.354-0.187-1.671-0.31c-0.42-0.163-0.72-0.358-1.035-0.673 c-0.315-0.315-0.51-0.615-0.673-1.035c-0.123-0.317-0.27-0.794-0.31-1.671C4.631,14.688,4.622,14.403,4.622,12 s0.009-2.688,0.052-3.637c0.04-0.877,0.187-1.354,0.31-1.671c0.163-0.42,0.358-0.72,0.673-1.035 c0.315-0.315,0.615-0.51,1.035-0.673c0.317-0.123,0.794-0.27,1.671-0.31C9.312,4.631,9.597,4.622,12,4.622 M12,3 C9.556,3,9.249,3.01,8.289,3.054C7.331,3.098,6.677,3.25,6.105,3.472C5.513,3.702,5.011,4.01,4.511,4.511 c-0.5,0.5-0.808,1.002-1.038,1.594C3.25,6.677,3.098,7.331,3.054,8.289C3.01,9.249,3,9.556,3,12c0,2.444,0.01,2.751,0.054,3.711 c0.044,0.958,0.196,1.612,0.418,2.185c0.23,0.592,0.538,1.094,1.038,1.594c0.5,0.5,1.002,0.808,1.594,1.038 c0.572,0.222,1.227,0.375,2.185,0.418C9.249,20.99,9.556,21,12,21s2.751-0.01,3.711-0.054c0.958-0.044,1.612-0.196,2.185-0.418 c0.592-0.23,1.094-0.538,1.594-1.038c0.5-0.5,0.808-1.002,1.038-1.594c0.222-0.572,0.375-1.227,0.418-2.185 C20.99,14.751,21,14.444,21,12s-0.01-2.751-0.054-3.711c-0.044-0.958-0.196-1.612-0.418-2.185c-0.23-0.592-0.538-1.094-1.038-1.594 c-0.5-0.5-1.002-0.808-1.594-1.038c-0.572-0.222-1.227-0.375-2.185-0.418C14.751,3.01,14.444,3,12,3L12,3z M12,7.378 c-2.552,0-4.622,2.069-4.622,4.622S9.448,16.622,12,16.622s4.622-2.069,4.622-4.622S14.552,7.378,12,7.378z M12,15 c-1.657,0-3-1.343-3-3s1.343-3,3-3s3,1.343,3,3S13.657,15,12,15z M16.804,6.116c-0.596,0-1.08,0.484-1.08,1.08 s0.484,1.08,1.08,1.08c0.596,0,1.08-0.484,1.08-1.08S17.401,6.116,16.804,6.116z\"><\/path><\/svg><\/a><\/li>\n\n\n\n<\/ul>\n<\/div>\n\n\n\n<div class=\"wp-block-column\"  style=\"flex-basis:50%\">\n<h2>Napi\u0161te n\u00e1m<\/h2>\n\n\n<div class=\"wpforms-container wpforms-container-full\"  id=\"wpforms-190\"><form id=\"wpforms-form-190\"  class=\"wpforms-validate wpforms-form\"  data-formid=\"190\"  method=\"post\"  enctype=\"multipart\/form-data\"  action=\"\/cz\/wp-json\/wp\/v2\/pages\/198\"  data-token=\"11ecc46ab393f9c288c51093852ff6f3\"><noscript class=\"wpforms-error-noscript\">Chcete-li vyplnit tento formul\u00e1\u0159, pros\u00edm povolte v prohl\u00ed\u017ee\u010di JavaScript.<\/noscript><div class=\"wpforms-field-container\"><div id=\"wpforms-190-field_0-container\"  class=\"wpforms-field wpforms-field-name\"  data-field-id=\"0\"><label class=\"wpforms-field-label\"  for=\"wpforms-190-field_0\">Jm\u00e9no <span class=\"wpforms-required-label\">*<\/span><\/label><input type=\"text\"  id=\"wpforms-190-field_0\"  class=\"wpforms-field-medium wpforms-field-required\"  name=\"wpforms[fields][0]\"  required><\/div><div id=\"wpforms-190-field_1-container\"  class=\"wpforms-field wpforms-field-email\"  data-field-id=\"1\"><label class=\"wpforms-field-label\"  for=\"wpforms-190-field_1\">Email <span class=\"wpforms-required-label\">*<\/span><\/label><input type=\"email\"  id=\"wpforms-190-field_1\"  class=\"wpforms-field-medium wpforms-field-required\"  name=\"wpforms[fields][1]\"  required><\/div><div id=\"wpforms-190-field_2-container\"  class=\"wpforms-field wpforms-field-textarea\"  data-field-id=\"2\"><label class=\"wpforms-field-label\"  for=\"wpforms-190-field_2\">Koment\u00e1\u0159 nebo zpr\u00e1va <span class=\"wpforms-required-label\">*<\/span><\/label><textarea id=\"wpforms-190-field_2\"  class=\"wpforms-field-medium wpforms-field-required\"  name=\"wpforms[fields][2]\"  required><\/textarea><\/div><\/div><div class=\"wpforms-submit-container\"  ><input type=\"hidden\"  name=\"wpforms[id]\"  value=\"190\"><input type=\"hidden\"  name=\"wpforms[author]\"  value=\"1\"><button type=\"submit\"  name=\"wpforms[submit]\"  class=\"wpforms-submit \"  id=\"wpforms-submit-190\"  value=\"wpforms-submit\"  aria-live=\"assertive\"  data-alt-text=\"Odes\u00edl\u00e1ni...\"  data-submit-text=\"Odeslat\">Odeslat<\/button><\/div><\/form><\/div>  <!-- .wpforms-container --><\/div>\n<\/div>\n<\/div>\n\n\n\n<div class=\"wp-block-column\"  style=\"flex-basis:25%\"><\/div>\n<\/div>\n<\/div><\/div>\n\n\n\n<p><\/p>\n","protected":false},"excerpt":{"rendered":"","protected":false},"author":1,"featured_media":0,"parent":0,"menu_order":0,"comment_status":"closed","ping_status":"closed","template":"","meta":{"spay_email":"","_starter_page_template":"alves"},"_links":{"self":[{"href":"https:\/\/luxusnistolyzmasivu.cz\/cz\/wp-json\/wp\/v2\/pages\/198"}],"collection":[{"href":"https:\/\/luxusnistolyzmasivu.cz\/cz\/wp-json\/wp\/v2\/pages"}],"about":[{"href":"https:\/\/luxusnistolyzmasivu.cz\/cz\/wp-json\/wp\/v2\/types\/page"}],"author":[{"embeddable":true,"href":"https:\/\/luxusnistolyzmasivu.cz\/cz\/wp-json\/wp\/v2\/users\/1"}],"replies":[{"embeddable":true,"href":"https:\/\/luxusnistolyzmasivu.cz\/cz\/wp-json\/wp\/v2\/comments?post=198"}],"version-history":[{"count":8,"href":"https:\/\/luxusnistolyzmasivu.cz\/cz\/wp-json\/wp\/v2\/pages\/198\/revisions"}],"predecessor-version":[{"id":207,"href":"https:\/\/luxusnistolyzmasivu.cz\/cz\/wp-json\/wp\/v2\/pages\/198\/revisions\/207"}],"wp:attachment":[{"href":"https:\/\/luxusnistolyzmasivu.cz\/cz\/wp-json\/wp\/v2\/media?parent=198"}],"curies":[{"name":"wp","href":"https:\/\/api.w.org\/{rel}","templated":true}]}}